{"id":8,"date":"2024-06-07T14:59:13","date_gmt":"2024-06-07T14:59:13","guid":{"rendered":"https:\/\/massa-echaf.be\/?page_id=8"},"modified":"2024-06-22T22:10:38","modified_gmt":"2024-06-22T22:10:38","slug":"accueil","status":"publish","type":"page","link":"https:\/\/massa-echaf.be\/","title":{"rendered":"Accueil"},"content":{"rendered":"<p>[et_pb_section fb_built=\u00a0\u00bb1&Prime; fullwidth=\u00a0\u00bbon\u00a0\u00bb _builder_version=\u00a0\u00bb4.25.0&Prime; _module_preset=\u00a0\u00bbdefault\u00a0\u00bb global_colors_info=\u00a0\u00bb{}\u00a0\u00bb][et_pb_fullwidth_header header_fullscreen=\u00a0\u00bbon\u00a0\u00bb _builder_version=\u00a0\u00bb4.25.0&Prime; _module_preset=\u00a0\u00bbdefault\u00a0\u00bb background_color=\u00a0\u00bbRGBA(255,255,255,0)\u00a0\u00bb background_video_mp4=\u00a0\u00bbhttps:\/\/massa-echaf.be\/wp-content\/uploads\/2024\/06\/video-echaf.mp4&Prime; global_colors_info=\u00a0\u00bb{}\u00a0\u00bb]<\/p>\n<p style=\"background-color: #fdc91d; width: 50%; padding: 20px;\"><span style=\"color: black; font-size: 2em; line-height: 1; font-weight: bold;\">Votre s\u00e9curit\u00e9,<br \/>\nnotre m\u00e9tier<\/span><\/p>\n<p>[\/et_pb_fullwidth_header][\/et_pb_section][et_pb_section fb_built=\u00a0\u00bb1&Prime; _builder_version=\u00a0\u00bb4.25.0&Prime; _module_preset=\u00a0\u00bbdefault\u00a0\u00bb global_colors_info=\u00a0\u00bb{}\u00a0\u00bb][et_pb_row column_structure=\u00a0\u00bb1_2,1_2&Prime; _builder_version=\u00a0\u00bb4.25.0&Prime; _module_preset=\u00a0\u00bbdefault\u00a0\u00bb global_colors_info=\u00a0\u00bb{}\u00a0\u00bb][et_pb_column type=\u00a0\u00bb1_2&Prime; _builder_version=\u00a0\u00bb4.25.0&Prime; _module_preset=\u00a0\u00bbdefault\u00a0\u00bb global_colors_info=\u00a0\u00bb{}\u00a0\u00bb][et_pb_text _builder_version=\u00a0\u00bb4.25.0&Prime; _module_preset=\u00a0\u00bbdefault\u00a0\u00bb global_colors_info=\u00a0\u00bb{}\u00a0\u00bb]<\/p>\n<p style=\"text-align: justify;\"><span style=\"font-size: 14px;\">Vous pr\u00e9voyez de r\u00e9aliser des travaux ? Ne prenez aucun risque, confiez-nous tous les d\u00e9tails techniques. Nous nous <\/span><span style=\"font-size: 14px;\">engageons \u00e0 fournir des solutions adapt\u00e9es \u00e0 votre chantier et vos besoins, en pla\u00e7ant votre s\u00e9curit\u00e9 au centre de nos pr\u00e9occupations.<\/span><span><\/span><\/p>\n<p style=\"text-align: justify;\"><span style=\"font-size: 14px;\"><\/span><\/p>\n<h4 style=\"text-align: justify;\"><span style=\"color: rgba(51, 51, 51, 0.77);\"><strong>Des questions ?<\/strong><\/span><span style=\"font-size: 14px;\"><\/span><\/h4>\n<p style=\"text-align: justify;\"><span>N<\/span>otre \u00e9quipe sera ravie de vous conseiller l&rsquo;option la plus adapt\u00e9e \u00e0 votre chantier. Location, montage, ou les deux, nous avons diff\u00e9rentes formules \u00e0 vous proposer.<\/p>\n<p style=\"text-align: justify;\">\n<p>[\/et_pb_text][\/et_pb_column][et_pb_column type=\u00a0\u00bb1_2&Prime; _builder_version=\u00a0\u00bb4.25.0&Prime; _module_preset=\u00a0\u00bbdefault\u00a0\u00bb global_colors_info=\u00a0\u00bb{}\u00a0\u00bb][et_pb_text _builder_version=\u00a0\u00bb4.25.0&Prime; _module_preset=\u00a0\u00bbdefault\u00a0\u00bb link_text_color=\u00a0\u00bb#f7b100&Prime; link_font_size=\u00a0\u00bb18px\u00a0\u00bb global_colors_info=\u00a0\u00bb{}\u00a0\u00bb]<\/p>\n<h4><span style=\"color: rgba(51, 51, 51, 0.77);\"><strong>Besoin de plus que du mat\u00e9riel ?<\/strong><\/span><\/h4>\n<p>Rendez-vous sur <a href=\"https:\/\/www.batimassa.be\" title=\"Visiter le site web de BatiMassa\">BatiMassa.be <\/a>pour d\u00e9couvrir nos diff\u00e9rents services, notamment:<\/p>\n<ul>\n<ul>\n<li>R\u00e9novation g\u00e9n\u00e9rale de A \u00e0 Z<\/li>\n<li>\u00c9nergies renouvelables<\/li>\n<li>Travaux de toiture<\/li>\n<li>Salle de bain<\/li>\n<li>Etc.<\/li>\n<\/ul>\n<\/ul>\n<p>[\/et_pb_text][et_pb_button button_url=\u00a0\u00bbmailto:info@massa-echaf.be\u00a0\u00bb button_text=\u00a0\u00bbContactez-nous\u00a0\u00bb _builder_version=\u00a0\u00bb4.25.0&Prime; _module_preset=\u00a0\u00bbdefault\u00a0\u00bb global_colors_info=\u00a0\u00bb{}\u00a0\u00bb][\/et_pb_button][\/et_pb_column][\/et_pb_row][\/et_pb_section]<\/p>\n","protected":false},"excerpt":{"rendered":"<p>Votre s\u00e9curit\u00e9, notre m\u00e9tierVous pr\u00e9voyez de r\u00e9aliser des travaux ? Ne prenez aucun risque, confiez-nous tous les d\u00e9tails techniques. Nous nous engageons \u00e0 fournir des solutions adapt\u00e9es \u00e0 votre chantier et vos besoins, en pla\u00e7ant votre s\u00e9curit\u00e9 au centre de nos pr\u00e9occupations. Des questions ? Notre \u00e9quipe sera ravie de vous conseiller l&rsquo;option la plus [&hellip;]<\/p>\n","protected":false},"author":1,"featured_media":0,"parent":0,"menu_order":0,"comment_status":"closed","ping_status":"closed","template":"","meta":{"_et_pb_use_builder":"on","_et_pb_old_content":"","_et_gb_content_width":"","footnotes":""},"class_list":["post-8","page","type-page","status-publish","hentry"],"_links":{"self":[{"href":"https:\/\/massa-echaf.be\/index.php\/wp-json\/wp\/v2\/pages\/8","targetHints":{"allow":["GET"]}}],"collection":[{"href":"https:\/\/massa-echaf.be\/index.php\/wp-json\/wp\/v2\/pages"}],"about":[{"href":"https:\/\/massa-echaf.be\/index.php\/wp-json\/wp\/v2\/types\/page"}],"author":[{"embeddable":true,"href":"https:\/\/massa-echaf.be\/index.php\/wp-json\/wp\/v2\/users\/1"}],"replies":[{"embeddable":true,"href":"https:\/\/massa-echaf.be\/index.php\/wp-json\/wp\/v2\/comments?post=8"}],"version-history":[{"count":15,"href":"https:\/\/massa-echaf.be\/index.php\/wp-json\/wp\/v2\/pages\/8\/revisions"}],"predecessor-version":[{"id":64,"href":"https:\/\/massa-echaf.be\/index.php\/wp-json\/wp\/v2\/pages\/8\/revisions\/64"}],"wp:attachment":[{"href":"https:\/\/massa-echaf.be\/index.php\/wp-json\/wp\/v2\/media?parent=8"}],"curies":[{"name":"wp","href":"https:\/\/api.w.org\/{rel}","templated":true}]}}